{"id":1824,"date":"2025-08-07T12:56:50","date_gmt":"2025-08-07T12:56:50","guid":{"rendered":"https:\/\/masozont.it\/cosa-fare\/"},"modified":"2025-10-29T06:45:59","modified_gmt":"2025-10-29T06:45:59","slug":"aktivitaeten","status":"publish","type":"page","link":"https:\/\/masozont.it\/de\/aktivitaeten\/","title":{"rendered":"Aktivit\u00e4ten"},"content":{"rendered":"<h5>Aktivit\u00e4ten in der Umgebung<\/h5>\n<h2>Entdecken Sie die abenteuerliche Seite<br \/>des Trentino auf dem Maso Zont<\/h2>\n<div>Lassen Sie sich von der puren Energie der Dolomiten verzaubern und erleben Sie unvergessliche Tage im Zeichen von Sport und Natur. <br \/>Auf dem Maso Zont finden Mountainbike-Fans ein wahres Paradies mit gr\u00fcnen Wanderwegen und malerischen Radwegen. <br \/>Wenn Ihr Herz f\u00fcr das Wasser schl\u00e4gt, erwarten Sie die Seen von Caldonazzo und Levico mit einer Vielzahl von Emotionen: vom Schwimmen \u00fcber Segeln, Windsurfen und ruhiges Kanufahren bis hin zu Rudern und Drachenbootrennen. Hier verwandeln die \u00f6rtlichen Wassersportvereine jede Regatta in einen Moment purer sportlicher Leidenschaft, mit Wettbewerben auf nationaler und internationaler Ebene. <br \/>Und f\u00fcr diejenigen, die davon tr\u00e4umen, durch W\u00e4lder und \u00fcber Gipfel zu wandern, bietet das Trentino Trekkingrouten, die Sie in alle Aspekte der Berge verlieben werden. <br \/>Im Maso Zont wird Ihr Urlaub zu einem Abenteuer, das Sie mit allen Sinnen erleben k\u00f6nnen.<\/div>\n<h2>Einige n\u00fctzliche Informationen:<\/h2>\n<div>\n<p>        <img decoding=\"async\" src=\"\/wp-content\/uploads\/2025\/08\/cosa_fare_laghi.jpg\" alt=\"\"><\/p>\n<p>        <img decoding=\"async\" src=\"\/wp-content\/uploads\/2025\/10\/Tile_Scopri_de.svg\" alt><\/p>\n<h3>SEEN<\/h3>\n<p><a href=\"https:\/\/www.visitvalsugana.it\/de\/urlaubsideen\/seen\/\"><\/a><\/p>\n<\/div>\n<div>\n<p>        <img decoding=\"async\" src=\"\/wp-content\/uploads\/2025\/08\/cosa_fare_bike.jpg\" alt=\"\"><\/p>\n<p>        <img decoding=\"async\" src=\"\/wp-content\/uploads\/2025\/10\/Tile_Scopri_de.svg\" alt><\/p>\n<h3>BIKE<\/h3>\n<p><a href=\"https:\/\/www.visitvalsugana.it\/de\/urlaubsideen\/bike\/\"><\/a><\/p>\n<\/div>\n<div>\n<p>        <img decoding=\"async\" src=\"\/wp-content\/uploads\/2025\/08\/cosa_fare_trekking.jpg\" alt=\"\"><\/p>\n<p>        <img decoding=\"async\" src=\"\/wp-content\/uploads\/2025\/10\/Tile_Scopri_de.svg\" alt><\/p>\n<h3>TREKKING<\/h3>\n<p><a href=\"https:\/\/www.visitvalsugana.it\/de\/urlaubsideen\/trekking\/\"><\/a><\/p>\n<\/div>\n<div>\n<p>        <img decoding=\"async\" src=\"\/wp-content\/uploads\/2025\/08\/cosa_fare_famiglia.jpg\" alt=\"\"><\/p>\n<p>        <img decoding=\"async\" src=\"\/wp-content\/uploads\/2025\/10\/Tile_Scopri_de.svg\" alt><\/p>\n<h3>FAMILIE<\/h3>\n<p><a href=\"https:\/\/www.visitvalsugana.it\/de\/urlaubsideen\/familie\/\"><\/a><\/p>\n<\/div>\n<p>\n    <a href=\"https:\/\/www.visitvalsugana.it\/de\/\">Alle weiteren Aktivit\u00e4ten finden Sie auf der Website APT Valsugana.<\/a>\n<\/p>\n<p><!--more--><br \/>\n<!-- {\"name\":\"Home\",\"type\":\"layout\",\"children\":[{\"type\":\"section\",\"props\":{\"header_transparent\":true,\"header_transparent_noplaceholder\":true,\"image\":\"wp-content\\\/uploads\\\/2025\\\/08\\\/Banner_cosa_fare.jpg\",\"image_position\":\"center-center\",\"media_overlay\":\"rgba(0, 0, 0, 0.25)\",\"padding\":\"xlarge\",\"style\":\"default\",\"title_breakpoint\":\"xl\",\"title_position\":\"top-left\",\"title_rotation\":\"left\",\"vertical_align\":\"middle\",\"width\":\"\"},\"children\":[{\"type\":\"row\",\"children\":[{\"type\":\"column\",\"props\":{\"image_position\":\"center-center\",\"position_sticky_breakpoint\":\"m\"}}]}]},{\"type\":\"section\",\"props\":{\"animation\":\"slide-bottom-medium\",\"animation_delay\":\"200\",\"image_position\":\"center-center\",\"style\":\"default\",\"title_breakpoint\":\"xl\",\"title_position\":\"top-left\",\"title_rotation\":\"left\",\"vertical_align\":\"middle\",\"width\":\"default\"},\"children\":[{\"type\":\"row\",\"children\":[{\"type\":\"column\",\"props\":{\"image_position\":\"center-center\",\"position_sticky_breakpoint\":\"m\"},\"children\":[{\"type\":\"headline\",\"props\":{\"content\":\"Aktivit\\u00e4ten in der Umgebung\",\"margin_remove_bottom\":true,\"text_align\":\"center\",\"title_color\":\"success\",\"title_element\":\"h5\",\"title_style\":\"h5\"}},{\"type\":\"headline\",\"props\":{\"content\":\"Entdecken Sie die abenteuerliche Seite<br\\\/>des Trentino auf dem Maso Zont\",\"text_align\":\"center\",\"title_color\":\"secondary\",\"title_element\":\"h2\",\"title_style\":\"h2\"}},{\"type\":\"text\",\"props\":{\"block_align\":\"center\",\"column_breakpoint\":\"m\",\"content\":\"Lassen Sie sich von der puren Energie der Dolomiten verzaubern und erleben Sie unvergessliche Tage im Zeichen von Sport und Natur. <br\\\/>Auf dem Maso Zont finden Mountainbike-Fans ein wahres Paradies mit gr\\u00fcnen Wanderwegen und malerischen Radwegen. <br\\\/>Wenn Ihr Herz f\\u00fcr das Wasser schl\\u00e4gt, erwarten Sie die Seen von Caldonazzo und Levico mit einer Vielzahl von Emotionen: vom Schwimmen \\u00fcber Segeln, Windsurfen und ruhiges Kanufahren bis hin zu Rudern und Drachenbootrennen. Hier verwandeln die \\u00f6rtlichen Wassersportvereine jede Regatta in einen Moment purer sportlicher Leidenschaft, mit Wettbewerben auf nationaler und internationaler Ebene. <br\\\/>Und f\\u00fcr diejenigen, die davon tr\\u00e4umen, durch W\\u00e4lder und \\u00fcber Gipfel zu wandern, bietet das Trentino Trekkingrouten, die Sie in alle Aspekte der Berge verlieben werden. <br\\\/>Im Maso Zont wird Ihr Urlaub zu einem Abenteuer, das Sie mit allen Sinnen erleben k\\u00f6nnen.\",\"margin\":\"default\",\"maxwidth\":\"2xlarge\",\"text_align\":\"center\"}}]}]}]},{\"type\":\"section\",\"props\":{\"animation\":\"slide-bottom-medium\",\"animation_delay\":\"150\",\"image_position\":\"center-center\",\"style\":\"default\",\"title_breakpoint\":\"xl\",\"title_position\":\"top-left\",\"title_rotation\":\"left\",\"vertical_align\":\"middle\",\"width\":\"default\"},\"children\":[{\"type\":\"row\",\"children\":[{\"type\":\"column\",\"props\":{\"image_position\":\"center-center\",\"position_sticky_breakpoint\":\"m\"},\"children\":[{\"type\":\"headline\",\"props\":{\"content\":\"Einige n\\u00fctzliche Informationen:\",\"text_align\":\"center\",\"title_color\":\"success\",\"title_element\":\"h2\",\"title_style\":\"h2\"}}]}]},{\"type\":\"row\",\"props\":{\"column_gap\":\"small\",\"layout\":\"1-4,1-4,1-4,1-4|1-2,1-2,1-2,1-2\",\"margin\":\"large\",\"row_gap\":\"small\"},\"children\":[{\"type\":\"column\",\"props\":{\"image_position\":\"center-center\",\"position_sticky_breakpoint\":\"m\",\"width_medium\":\"1-4\",\"width_small\":\"1-2\"},\"children\":[{\"type\":\"overlay\",\"props\":{\"hover_image\":\"wp-content\\\/uploads\\\/2025\\\/10\\\/Tile_Scopri_de.svg\",\"image\":\"wp-content\\\/uploads\\\/2025\\\/08\\\/cosa_fare_laghi.jpg\",\"image_height\":800,\"image_transition\":\"scale-up\",\"image_width\":800,\"link\":\"https:\\\/\\\/www.visitvalsugana.it\\\/de\\\/urlaubsideen\\\/seen\\\/\",\"link_style\":\"default\",\"link_target\":true,\"link_text\":\"\",\"margin\":\"default\",\"meta_align\":\"below-title\",\"meta_element\":\"div\",\"meta_style\":\"text-meta\",\"overlay_hover\":false,\"overlay_link\":true,\"overlay_margin\":\"small\",\"overlay_maxwidth\":\"large\",\"overlay_mode\":\"caption\",\"overlay_padding\":\"small\",\"overlay_position\":\"bottom-center\",\"overlay_style\":\"tile-secondary\",\"overlay_transition\":\"fade\",\"text_align\":\"center\",\"text_color\":\"\",\"title\":\"SEEN\",\"title_element\":\"h3\",\"title_hover_style\":\"reset\",\"title_link\":true,\"title_style\":\"h3\"}}]},{\"type\":\"column\",\"props\":{\"image_position\":\"center-center\",\"position_sticky_breakpoint\":\"m\",\"width_medium\":\"1-4\",\"width_small\":\"1-2\"},\"children\":[{\"type\":\"overlay\",\"props\":{\"hover_image\":\"wp-content\\\/uploads\\\/2025\\\/10\\\/Tile_Scopri_de.svg\",\"image\":\"wp-content\\\/uploads\\\/2025\\\/08\\\/cosa_fare_bike.jpg\",\"image_height\":800,\"image_transition\":\"scale-up\",\"image_width\":800,\"link\":\"https:\\\/\\\/www.visitvalsugana.it\\\/de\\\/urlaubsideen\\\/bike\\\/\",\"link_style\":\"default\",\"link_target\":true,\"link_text\":\"\",\"margin\":\"default\",\"meta_align\":\"below-title\",\"meta_element\":\"div\",\"meta_style\":\"text-meta\",\"overlay_hover\":false,\"overlay_link\":true,\"overlay_margin\":\"small\",\"overlay_maxwidth\":\"large\",\"overlay_mode\":\"caption\",\"overlay_padding\":\"small\",\"overlay_position\":\"bottom-center\",\"overlay_style\":\"tile-primary\",\"overlay_transition\":\"fade\",\"text_align\":\"center\",\"text_color\":\"\",\"title\":\"BIKE\",\"title_element\":\"h3\",\"title_hover_style\":\"reset\",\"title_link\":true,\"title_style\":\"h3\"}}]},{\"type\":\"column\",\"props\":{\"image_position\":\"center-center\",\"position_sticky_breakpoint\":\"m\",\"width_medium\":\"1-4\",\"width_small\":\"1-2\"},\"children\":[{\"type\":\"overlay\",\"props\":{\"hover_image\":\"wp-content\\\/uploads\\\/2025\\\/10\\\/Tile_Scopri_de.svg\",\"image\":\"wp-content\\\/uploads\\\/2025\\\/08\\\/cosa_fare_trekking.jpg\",\"image_height\":800,\"image_transition\":\"scale-up\",\"image_width\":800,\"link\":\"https:\\\/\\\/www.visitvalsugana.it\\\/de\\\/urlaubsideen\\\/trekking\\\/\",\"link_style\":\"default\",\"link_target\":true,\"link_text\":\"\",\"margin\":\"default\",\"meta_align\":\"below-title\",\"meta_element\":\"div\",\"meta_style\":\"text-meta\",\"overlay_hover\":false,\"overlay_link\":true,\"overlay_margin\":\"small\",\"overlay_maxwidth\":\"large\",\"overlay_mode\":\"caption\",\"overlay_padding\":\"small\",\"overlay_position\":\"bottom-center\",\"overlay_style\":\"tile-secondary\",\"overlay_transition\":\"fade\",\"text_align\":\"center\",\"text_color\":\"\",\"title\":\"TREKKING\",\"title_element\":\"h3\",\"title_hover_style\":\"reset\",\"title_link\":true,\"title_style\":\"h3\"}}]},{\"type\":\"column\",\"props\":{\"image_position\":\"center-center\",\"position_sticky_breakpoint\":\"m\",\"width_medium\":\"1-4\",\"width_small\":\"1-2\"},\"children\":[{\"type\":\"overlay\",\"props\":{\"hover_image\":\"wp-content\\\/uploads\\\/2025\\\/10\\\/Tile_Scopri_de.svg\",\"image\":\"wp-content\\\/uploads\\\/2025\\\/08\\\/cosa_fare_famiglia.jpg\",\"image_height\":800,\"image_transition\":\"scale-up\",\"image_width\":800,\"link\":\"https:\\\/\\\/www.visitvalsugana.it\\\/de\\\/urlaubsideen\\\/familie\\\/\",\"link_style\":\"default\",\"link_target\":true,\"link_text\":\"\",\"margin\":\"default\",\"meta_align\":\"below-title\",\"meta_element\":\"div\",\"meta_style\":\"text-meta\",\"overlay_hover\":false,\"overlay_link\":true,\"overlay_margin\":\"small\",\"overlay_maxwidth\":\"large\",\"overlay_mode\":\"caption\",\"overlay_padding\":\"small\",\"overlay_position\":\"bottom-center\",\"overlay_style\":\"tile-primary\",\"overlay_transition\":\"fade\",\"text_align\":\"center\",\"text_color\":\"\",\"title\":\"FAMILIE\",\"title_element\":\"h3\",\"title_hover_style\":\"reset\",\"title_link\":true,\"title_style\":\"h3\"}}]}]},{\"type\":\"row\",\"children\":[{\"type\":\"column\",\"props\":{\"image_position\":\"center-center\",\"position_sticky_breakpoint\":\"m\"},\"children\":[{\"type\":\"button\",\"props\":{\"css\":\".el-content {line-height:20px; padding: 10px;}\",\"grid_column_gap\":\"small\",\"grid_row_gap\":\"small\",\"margin\":\"default\",\"text_align\":\"center\"},\"children\":[{\"type\":\"button_item\",\"props\":{\"button_style\":\"primary\",\"content\":\"Alle weiteren Aktivit\\u00e4ten finden Sie auf der Website APT Valsugana.\",\"icon\":\"\",\"icon_align\":\"left\",\"link\":\"https:\\\/\\\/www.visitvalsugana.it\\\/de\\\/\",\"link_target\":\"blank\"}}]}]}]}]},{\"type\":\"section\",\"props\":{\"image_position\":\"center-center\",\"style\":\"default\",\"title_breakpoint\":\"xl\",\"title_position\":\"top-left\",\"title_rotation\":\"left\",\"vertical_align\":\"middle\",\"width\":\"default\"},\"children\":[{\"type\":\"row\",\"children\":[{\"type\":\"column\",\"props\":{\"image_position\":\"center-center\",\"position_sticky_breakpoint\":\"m\"}}]}]}],\"version\":\"4.4.12\",\"yooessentialsVersion\":\"2.2.6\"} --><\/p>\n","protected":false},"excerpt":{"rendered":"<p>Aktivit\u00e4ten in der Umgebung Entdecken Sie die abenteuerliche Seitedes Trentino auf dem Maso Zont Lassen Sie sich von der puren Energie der Dolomiten verzaubern und erleben Sie unvergessliche Tage im Zeichen von Sport und Natur. Auf dem Maso Zont finden Mountainbike-Fans ein wahres Paradies mit gr\u00fcnen Wanderwegen und malerischen Radwegen. Wenn Ihr Herz f\u00fcr das [&hellip;]<\/p>\n","protected":false},"author":2,"featured_media":0,"parent":0,"menu_order":3,"comment_status":"open","ping_status":"closed","template":"","meta":{"_acf_changed":false,"footnotes":""},"class_list":["post-1824","page","type-page","status-publish","hentry"],"acf":[],"yoast_head":"<!-- This site is optimized with the Yoast SEO plugin v26.2 - https:\/\/yoast.com\/wordpress\/plugins\/seo\/ -->\n<title>Aktivit\u00e4ten &#8211; Maso Zont<\/title>\n<meta name=\"description\" content=\"Lassen Sie sich von der puren Energie der Dolomiten verzaubern und erleben Sie unvergessliche Tage im Zeichen von Sport und Natur. Auf dem Maso Zont finden Mountainbike-Fans ein wahres Paradies mit gr\u00fcnen Wanderwegen und malerischen Radwegen. Wenn Ihr Herz f\u00fcr das Wasser schl\u00e4gt, erwarten Sie die Seen von Caldonazzo und Levico mit einer Vielzahl von Emotionen: vom Schwimmen \u00fcber Segeln, Windsurfen und ruhiges Kanufahren bis hin zu Herausforderungen wie Rudern und Drachenbootfahren.\" \/>\n<meta name=\"robots\" content=\"index, follow, max-snippet:-1, max-image-preview:large, max-video-preview:-1\" \/>\n<link rel=\"canonical\" href=\"https:\/\/masozont.it\/de\/aktivitaeten\/\" \/>\n<meta property=\"og:locale\" content=\"de_DE\" \/>\n<meta property=\"og:type\" content=\"article\" \/>\n<meta property=\"og:title\" content=\"Aktivit\u00e4ten &#8211; Maso Zont\" \/>\n<meta property=\"og:description\" content=\"Lassen Sie sich von der puren Energie der Dolomiten verzaubern und erleben Sie unvergessliche Tage im Zeichen von Sport und Natur. Auf dem Maso Zont finden Mountainbike-Fans ein wahres Paradies mit gr\u00fcnen Wanderwegen und malerischen Radwegen. Wenn Ihr Herz f\u00fcr das Wasser schl\u00e4gt, erwarten Sie die Seen von Caldonazzo und Levico mit einer Vielzahl von Emotionen: vom Schwimmen \u00fcber Segeln, Windsurfen und ruhiges Kanufahren bis hin zu Herausforderungen wie Rudern und Drachenbootfahren.\" \/>\n<meta property=\"og:url\" content=\"https:\/\/masozont.it\/de\/aktivitaeten\/\" \/>\n<meta property=\"og:site_name\" content=\"Maso Zont\" \/>\n<meta property=\"article:modified_time\" content=\"2025-10-29T06:45:59+00:00\" \/>\n<meta property=\"og:image\" content=\"https:\/\/masozont.it\/wp-content\/uploads\/2025\/08\/maso_zont_yoast.jpg\" \/>\n\t<meta property=\"og:image:width\" content=\"1200\" \/>\n\t<meta property=\"og:image:height\" content=\"675\" \/>\n\t<meta property=\"og:image:type\" content=\"image\/jpeg\" \/>\n<meta name=\"twitter:card\" content=\"summary_large_image\" \/>\n<meta name=\"twitter:label1\" content=\"Gesch\u00e4tzte Lesezeit\" \/>\n\t<meta name=\"twitter:data1\" content=\"3\u00a0Minuten\" \/>\n<script type=\"application\/ld+json\" class=\"yoast-schema-graph\">{\"@context\":\"https:\/\/schema.org\",\"@graph\":[{\"@type\":\"WebPage\",\"@id\":\"https:\/\/masozont.it\/de\/aktivitaeten\/\",\"url\":\"https:\/\/masozont.it\/de\/aktivitaeten\/\",\"name\":\"Aktivit\u00e4ten &#8211; Maso Zont\",\"isPartOf\":{\"@id\":\"https:\/\/masozont.it\/de\/#website\"},\"datePublished\":\"2025-08-07T12:56:50+00:00\",\"dateModified\":\"2025-10-29T06:45:59+00:00\",\"description\":\"Lassen Sie sich von der puren Energie der Dolomiten verzaubern und erleben Sie unvergessliche Tage im Zeichen von Sport und Natur. Auf dem Maso Zont finden Mountainbike-Fans ein wahres Paradies mit gr\u00fcnen Wanderwegen und malerischen Radwegen. Wenn Ihr Herz f\u00fcr das Wasser schl\u00e4gt, erwarten Sie die Seen von Caldonazzo und Levico mit einer Vielzahl von Emotionen: vom Schwimmen \u00fcber Segeln, Windsurfen und ruhiges Kanufahren bis hin zu Herausforderungen wie Rudern und Drachenbootfahren.\",\"breadcrumb\":{\"@id\":\"https:\/\/masozont.it\/de\/aktivitaeten\/#breadcrumb\"},\"inLanguage\":\"de\",\"potentialAction\":[{\"@type\":\"ReadAction\",\"target\":[\"https:\/\/masozont.it\/de\/aktivitaeten\/\"]}]},{\"@type\":\"BreadcrumbList\",\"@id\":\"https:\/\/masozont.it\/de\/aktivitaeten\/#breadcrumb\",\"itemListElement\":[{\"@type\":\"ListItem\",\"position\":1,\"name\":\"Home\",\"item\":\"https:\/\/masozont.it\/de\/un-angolo-di-pace-tra-monti-e-natura\/\"},{\"@type\":\"ListItem\",\"position\":2,\"name\":\"Aktivit\u00e4ten\"}]},{\"@type\":\"WebSite\",\"@id\":\"https:\/\/masozont.it\/de\/#website\",\"url\":\"https:\/\/masozont.it\/de\/\",\"name\":\"Maso Zont\",\"description\":\"Un angolo di pace tra monti e natura\",\"publisher\":{\"@id\":\"https:\/\/masozont.it\/de\/#organization\"},\"alternateName\":\"Maso Zont\",\"potentialAction\":[{\"@type\":\"SearchAction\",\"target\":{\"@type\":\"EntryPoint\",\"urlTemplate\":\"https:\/\/masozont.it\/de\/?s={search_term_string}\"},\"query-input\":{\"@type\":\"PropertyValueSpecification\",\"valueRequired\":true,\"valueName\":\"search_term_string\"}}],\"inLanguage\":\"de\"},{\"@type\":\"Organization\",\"@id\":\"https:\/\/masozont.it\/de\/#organization\",\"name\":\"Maso Zont\",\"alternateName\":\"Maso Zont\",\"url\":\"https:\/\/masozont.it\/de\/\",\"logo\":{\"@type\":\"ImageObject\",\"inLanguage\":\"de\",\"@id\":\"https:\/\/masozont.it\/de\/#\/schema\/logo\/image\/\",\"url\":\"https:\/\/masozont.it\/wp-content\/uploads\/2025\/10\/logo-masozont.jpg\",\"contentUrl\":\"https:\/\/masozont.it\/wp-content\/uploads\/2025\/10\/logo-masozont.jpg\",\"width\":507,\"height\":167,\"caption\":\"Maso Zont\"},\"image\":{\"@id\":\"https:\/\/masozont.it\/de\/#\/schema\/logo\/image\/\"}}]}<\/script>\n<!-- \/ Yoast SEO plugin. -->","yoast_head_json":{"title":"Aktivit\u00e4ten &#8211; Maso Zont","description":"Lassen Sie sich von der puren Energie der Dolomiten verzaubern und erleben Sie unvergessliche Tage im Zeichen von Sport und Natur. Auf dem Maso Zont finden Mountainbike-Fans ein wahres Paradies mit gr\u00fcnen Wanderwegen und malerischen Radwegen. Wenn Ihr Herz f\u00fcr das Wasser schl\u00e4gt, erwarten Sie die Seen von Caldonazzo und Levico mit einer Vielzahl von Emotionen: vom Schwimmen \u00fcber Segeln, Windsurfen und ruhiges Kanufahren bis hin zu Herausforderungen wie Rudern und Drachenbootfahren.","robots":{"index":"index","follow":"follow","max-snippet":"max-snippet:-1","max-image-preview":"max-image-preview:large","max-video-preview":"max-video-preview:-1"},"canonical":"https:\/\/masozont.it\/de\/aktivitaeten\/","og_locale":"de_DE","og_type":"article","og_title":"Aktivit\u00e4ten &#8211; Maso Zont","og_description":"Lassen Sie sich von der puren Energie der Dolomiten verzaubern und erleben Sie unvergessliche Tage im Zeichen von Sport und Natur. Auf dem Maso Zont finden Mountainbike-Fans ein wahres Paradies mit gr\u00fcnen Wanderwegen und malerischen Radwegen. Wenn Ihr Herz f\u00fcr das Wasser schl\u00e4gt, erwarten Sie die Seen von Caldonazzo und Levico mit einer Vielzahl von Emotionen: vom Schwimmen \u00fcber Segeln, Windsurfen und ruhiges Kanufahren bis hin zu Herausforderungen wie Rudern und Drachenbootfahren.","og_url":"https:\/\/masozont.it\/de\/aktivitaeten\/","og_site_name":"Maso Zont","article_modified_time":"2025-10-29T06:45:59+00:00","og_image":[{"width":1200,"height":675,"url":"https:\/\/masozont.it\/wp-content\/uploads\/2025\/08\/maso_zont_yoast.jpg","type":"image\/jpeg"}],"twitter_card":"summary_large_image","twitter_misc":{"Gesch\u00e4tzte Lesezeit":"3\u00a0Minuten"},"schema":{"@context":"https:\/\/schema.org","@graph":[{"@type":"WebPage","@id":"https:\/\/masozont.it\/de\/aktivitaeten\/","url":"https:\/\/masozont.it\/de\/aktivitaeten\/","name":"Aktivit\u00e4ten &#8211; Maso Zont","isPartOf":{"@id":"https:\/\/masozont.it\/de\/#website"},"datePublished":"2025-08-07T12:56:50+00:00","dateModified":"2025-10-29T06:45:59+00:00","description":"Lassen Sie sich von der puren Energie der Dolomiten verzaubern und erleben Sie unvergessliche Tage im Zeichen von Sport und Natur. Auf dem Maso Zont finden Mountainbike-Fans ein wahres Paradies mit gr\u00fcnen Wanderwegen und malerischen Radwegen. Wenn Ihr Herz f\u00fcr das Wasser schl\u00e4gt, erwarten Sie die Seen von Caldonazzo und Levico mit einer Vielzahl von Emotionen: vom Schwimmen \u00fcber Segeln, Windsurfen und ruhiges Kanufahren bis hin zu Herausforderungen wie Rudern und Drachenbootfahren.","breadcrumb":{"@id":"https:\/\/masozont.it\/de\/aktivitaeten\/#breadcrumb"},"inLanguage":"de","potentialAction":[{"@type":"ReadAction","target":["https:\/\/masozont.it\/de\/aktivitaeten\/"]}]},{"@type":"BreadcrumbList","@id":"https:\/\/masozont.it\/de\/aktivitaeten\/#breadcrumb","itemListElement":[{"@type":"ListItem","position":1,"name":"Home","item":"https:\/\/masozont.it\/de\/un-angolo-di-pace-tra-monti-e-natura\/"},{"@type":"ListItem","position":2,"name":"Aktivit\u00e4ten"}]},{"@type":"WebSite","@id":"https:\/\/masozont.it\/de\/#website","url":"https:\/\/masozont.it\/de\/","name":"Maso Zont","description":"Un angolo di pace tra monti e natura","publisher":{"@id":"https:\/\/masozont.it\/de\/#organization"},"alternateName":"Maso Zont","potentialAction":[{"@type":"SearchAction","target":{"@type":"EntryPoint","urlTemplate":"https:\/\/masozont.it\/de\/?s={search_term_string}"},"query-input":{"@type":"PropertyValueSpecification","valueRequired":true,"valueName":"search_term_string"}}],"inLanguage":"de"},{"@type":"Organization","@id":"https:\/\/masozont.it\/de\/#organization","name":"Maso Zont","alternateName":"Maso Zont","url":"https:\/\/masozont.it\/de\/","logo":{"@type":"ImageObject","inLanguage":"de","@id":"https:\/\/masozont.it\/de\/#\/schema\/logo\/image\/","url":"https:\/\/masozont.it\/wp-content\/uploads\/2025\/10\/logo-masozont.jpg","contentUrl":"https:\/\/masozont.it\/wp-content\/uploads\/2025\/10\/logo-masozont.jpg","width":507,"height":167,"caption":"Maso Zont"},"image":{"@id":"https:\/\/masozont.it\/de\/#\/schema\/logo\/image\/"}}]}},"_links":{"self":[{"href":"https:\/\/masozont.it\/de\/wp-json\/wp\/v2\/pages\/1824","targetHints":{"allow":["GET"]}}],"collection":[{"href":"https:\/\/masozont.it\/de\/wp-json\/wp\/v2\/pages"}],"about":[{"href":"https:\/\/masozont.it\/de\/wp-json\/wp\/v2\/types\/page"}],"author":[{"embeddable":true,"href":"https:\/\/masozont.it\/de\/wp-json\/wp\/v2\/users\/2"}],"replies":[{"embeddable":true,"href":"https:\/\/masozont.it\/de\/wp-json\/wp\/v2\/comments?post=1824"}],"version-history":[{"count":4,"href":"https:\/\/masozont.it\/de\/wp-json\/wp\/v2\/pages\/1824\/revisions"}],"predecessor-version":[{"id":1836,"href":"https:\/\/masozont.it\/de\/wp-json\/wp\/v2\/pages\/1824\/revisions\/1836"}],"wp:attachment":[{"href":"https:\/\/masozont.it\/de\/wp-json\/wp\/v2\/media?parent=1824"}],"curies":[{"name":"wp","href":"https:\/\/api.w.org\/{rel}","templated":true}]}}