{"id":1815,"date":"2025-08-07T12:55:59","date_gmt":"2025-08-07T12:55:59","guid":{"rendered":"https:\/\/masozont.it\/contatti\/"},"modified":"2025-12-10T08:47:46","modified_gmt":"2025-12-10T08:47:46","slug":"kontakte","status":"publish","type":"page","link":"https:\/\/masozont.it\/de\/kontakte\/","title":{"rendered":"Kontakte"},"content":{"rendered":"<div>Maso Zont<\/div>\n<h2>Kontakte und Informationen<\/h2>\n<div>Das Bed &#038; Breakfast Maso Zont liegt auf 700 m H\u00f6he im \u00f6stlichen Trentino, 3 km vom Zentrum von Pergine Valsugana und 15 km von der Stadt Trient entfernt, in der kleinen und h\u00fcbschen Berggemeinde Vignola-Falesina mit Blick auf die Alta Valsugana.<\/div>\n<h3>Reservierungsanfrage<\/h3>\n<h3>Informationen<\/h3>\n<hr>\n<ul>\n<li>\n<p><a href=\"https:\/\/maps.google.com\/?q=46.04711372969328, 11.264882850379044\">38050 Vignola-Falesina (TN), Loc.Vignola, 106<\/a><\/p>\n<\/li>\n<li>\n<p><a href=\"tel:+393939932189\">Tel. +39 393 993 2189<\/a><\/p>\n<\/li>\n<li>\n<p><a href=\"mailto:info@masozont.it\">Mail: info@masozont.it<\/a><\/p>\n<\/li>\n<li>\n<p><a href=\"mailto:prenotazioni@masozont.it\">Mail: prenotazioni@masozont.it<\/a><\/p>\n<\/li>\n<\/ul>\n<hr>\n<div>\n<p>Die Online-Reservierung gilt erst nach \u00dcberpr\u00fcfung der Verf\u00fcgbarkeit und anschlie\u00dfender Best\u00e4tigung per E-Mail oder Fax als best\u00e4tigt. Die Anzahlung betr\u00e4gt 30 % des Gesamtbetrags und wird vollst\u00e4ndig einbehalten, wenn das\/die Zimmer nicht mindestens eine Woche im Voraus storniert wird\/werden. <br \/>Die angegebenen Daten werden gem\u00e4\u00df dem Datenschutzgesetz 196\/2003 und gem\u00e4\u00df der EU-Verordnung 679\/2016 (DSGVO) zum Schutz personenbezogener Daten verarbeitet. Ihre Verwendung dient ausschlie\u00dflich der Durchf\u00fchrung der Buchung und der \u00dcbermittlung an die zust\u00e4ndigen Stellen.<\/p>\n<\/div>\n<div>\n<p>46.0469,11.2652<\/p>\n<h4>Maso Zont<\/h4>\n<div>Loc.Vignola, 106<br \/>\n38050 Vignola-Falesina (TN)<\/div>\n<\/div>\n<div>\n<p>46.0469,11.2652<\/p>\n<h3>Maso Zont<\/h3>\n<div>Loc.Vignola, 106<br \/>\n38050 Vignola-Falesina (TN)<\/div>\n<\/div>\n<p><!--more--><br \/>\n<!-- {\"name\":\"Home\",\"type\":\"layout\",\"children\":[{\"type\":\"section\",\"props\":{\"header_transparent\":true,\"header_transparent_noplaceholder\":true,\"image\":\"wp-content\\\/uploads\\\/2025\\\/12\\\/maso_zont_banner_def_1.jpg\",\"image_position\":\"center-center\",\"media_overlay\":\"rgba(0, 0, 0, 0)\",\"padding\":\"xlarge\",\"sticky\":\"cover\",\"style\":\"default\",\"title_breakpoint\":\"xl\",\"title_position\":\"top-left\",\"title_rotation\":\"left\",\"vertical_align\":\"middle\",\"width\":\"\"},\"children\":[{\"type\":\"row\",\"children\":[{\"type\":\"column\",\"props\":{\"image_position\":\"center-center\",\"position_sticky_breakpoint\":\"m\"}}]}]},{\"type\":\"section\",\"props\":{\"image_position\":\"center-center\",\"padding\":\"large\",\"style\":\"default\",\"title_breakpoint\":\"xl\",\"title_position\":\"top-left\",\"title_rotation\":\"left\",\"vertical_align\":\"middle\",\"width\":\"default\"},\"children\":[{\"type\":\"row\",\"children\":[{\"type\":\"column\",\"props\":{\"image_position\":\"center-center\",\"position_sticky_breakpoint\":\"m\"},\"children\":[{\"type\":\"headline\",\"props\":{\"content\":\"Maso Zont\",\"margin_remove_bottom\":true,\"text_align\":\"center\",\"text_align_fallback\":\"center\",\"title_color\":\"success\",\"title_element\":\"div\",\"title_style\":\"h5\"}},{\"type\":\"headline\",\"props\":{\"block_align\":\"center\",\"content\":\"Kontakte und Informationen\",\"margin\":\"small\",\"margin_remove_top\":false,\"text_align\":\"center\",\"text_align_fallback\":\"center\",\"title_color\":\"secondary\",\"title_element\":\"h2\",\"title_style\":\"h2\"}},{\"type\":\"text\",\"props\":{\"block_align\":\"center\",\"block_align_fallback\":\"center\",\"column_breakpoint\":\"m\",\"content\":\"Das Bed & Breakfast Maso Zont liegt auf 700 m H\\u00f6he im \\u00f6stlichen Trentino, 3 km vom Zentrum von Pergine Valsugana und 15 km von der Stadt Trient entfernt, in der kleinen und h\\u00fcbschen Berggemeinde Vignola-Falesina mit Blick auf die Alta Valsugana.\",\"margin\":\"default\",\"maxwidth\":\"2xlarge\",\"text_align\":\"center\",\"text_align_fallback\":\"center\"}}]}]}]},{\"type\":\"section\",\"props\":{\"animation\":\"slide-bottom-medium\",\"animation_delay\":\"100\",\"id\":\"prenotazioni\",\"image_position\":\"center-center\",\"style\":\"default\",\"title_breakpoint\":\"xl\",\"title_position\":\"top-left\",\"title_rotation\":\"left\",\"vertical_align\":\"middle\",\"width\":\"default\",\"yooessentials_access_conditions\":[],\"yooessentials_access_mode\":\"AND\",\"yooessentials_form\":{\"state\":true,\"after_submit_actions\":[{\"id\":\"D609B2\",\"type\":\"message\",\"props\":{\"content\":\"\n\n<p>Messaggio inviato. Il tuo messaggio era: \\\"{comment}\\\"<\\\/p>\"}},{\"id\":\"72AFC1\",\"type\":\"email\",\"props\":{\"html\":true,\"attachments\":[null],\"submitted_attachments\":[null],\"subject\":\"Nuovo contatto dal sito Maso Zont\",\"recipients\":\"prenotazioni@masozont.it\",\"body\":\"\\n\n\n<p><span style=\\\"font-size: 16px; font-weight: 800;\\\">Nuovo contatto ricevuto dal sito Maso Zont.<\\\/span><br \\\/><br \\\/><strong>Nome:<\\\/strong> {nome}<br \\\/><strong>Cognome:<\\\/strong> {cognome}<br \\\/><strong>Mail:<\\\/strong> {mail}<br \\\/><strong>Telefono:<\\\/strong> {telefono}<br \\\/><br \\\/><strong>Data di Arrivo:<\\\/strong> {arrivo}<br \\\/><strong>Data di Partenza:<\\\/strong> {partenza}<br \\\/><strong>N\\u00b0 persone:<\\\/strong> {persone}<br \\\/><strong>Messaggio:<\\\/strong> {comment}<br \\\/><br \\\/><strong>Privacy:<\\\/strong> {privacy} <br \\\/><br \\\/><strong>Trattamento dei dati:<\\\/strong> {trattamentodati} <br \\\/><br \\\/><br \\\/><br \\\/><img src=\\\"https:\\\/\\\/masozont.it\\\/wp-content\\\/uploads\\\/2025\\\/10\\\/logo-masozont.jpg\\\" alt=\\\"Logo Maso Zont\\\" width=\\\"220px\\\" height=\\\"auto\\\" \\\/><\\\/p>\",\"from\":\"web@masozont.it\",\"from_name\":\"Maso Zont Sito Web\",\"bccs\":\"r.lorusso@paissangroup.com\"}}],\"html5validation\":true,\"reset_after_submit\":true,\"override_action_url\":false,\"action_method\":\"POST\"}},\"children\":[{\"type\":\"row\",\"props\":{\"divider\":true,\"layout\":\"1-2,1-2\",\"row_gap\":\"large\"},\"children\":[{\"type\":\"column\",\"props\":{\"image_position\":\"center-center\",\"position_sticky_breakpoint\":\"m\",\"width_medium\":\"1-2\"},\"children\":[{\"type\":\"headline\",\"props\":{\"block_align\":\"center\",\"content\":\"Reservierungsanfrage\",\"margin\":\"small\",\"margin_remove_top\":false,\"text_align\":\"left\",\"text_align_fallback\":\"center\",\"title_color\":\"success\",\"title_element\":\"h3\",\"title_style\":\"h3\"}},{\"type\":\"yooessentials_form_input\",\"props\":{\"control_icon_align\":\"left\",\"css\":\".uk-form-label {\\n    font-size: 13px;\\n    color: #C49E70;\\n    font-family: Heebo;\\n    font-weight: 800;\\n    text-transform: none;\\n    letter-spacing: 1px;\\n}\\n\\n\\n.uk-input {\\n    height: 40px;\\n    vertical-align: middle;\\n    display: inline-block;\\n    border: 1px solid #D6D6D6; border-radius:2px;\\n}\",\"fullwidth\":false,\"grid_column_gap\":\"small\",\"grid_columns_number\":\"1-2@m\",\"grid_row_gap\":\"small\",\"margin\":\"default\",\"show_icon\":true,\"show_label\":true},\"children\":[{\"type\":\"yooessentials_form_input_text\",\"props\":{\"control_id_inherit\":true,\"control_label\":\"Name\",\"control_maxlength\":25,\"control_minlength\":2,\"control_name\":\"nome\",\"control_required\":true}},{\"type\":\"yooessentials_form_input_text\",\"props\":{\"control_id_inherit\":true,\"control_label\":\"Nachname\",\"control_maxlength\":25,\"control_minlength\":2,\"control_name\":\"cognome\",\"control_required\":true}},{\"type\":\"yooessentials_form_input_email\",\"props\":{\"control_id_inherit\":true,\"control_label\":\"E-mail\",\"control_maxlength\":30,\"control_minlength\":3,\"control_name\":\"mail\",\"control_required\":true}},{\"type\":\"yooessentials_form_input_tel\",\"props\":{\"control_id_inherit\":true,\"control_label\":\"Telefon\",\"control_maxlength\":12,\"control_minlength\":7,\"control_name\":\"telefono\",\"control_required\":true}}]},{\"type\":\"yooessentials_form_input\",\"props\":{\"control_icon_align\":\"left\",\"css\":\".uk-form-label {\\n    font-size: 13px;\\n    color: #C49E70;\\n    font-family: Heebo;\\n    font-weight: 800;\\n    text-transform: none;\\n    letter-spacing: 1px;\\n}\\n\\n\\n.uk-input {\\n    height: 40px;\\n    vertical-align: middle;\\n    display: inline-block;\\n    border: 1px solid #D6D6D6; border-radius:2px; font-size:13px;\\n}\",\"fullwidth\":false,\"grid_column_gap\":\"small\",\"grid_columns_number\":\"1-2@m\",\"grid_row_gap\":\"small\",\"margin\":\"default\",\"show_icon\":true,\"show_label\":true},\"children\":[{\"type\":\"yooessentials_form_input_date\",\"props\":{\"control_id_inherit\":true,\"control_label\":\"Ankunftsdatum\",\"control_name\":\"arrivo\",\"control_required\":true,\"yooessentials_access_conditions\":[],\"yooessentials_access_mode\":\"AND\"}},{\"type\":\"yooessentials_form_input_date\",\"props\":{\"control_id_inherit\":true,\"control_label\":\"Abreisedatum\",\"control_name\":\"partenza\",\"control_required\":true}},{\"type\":\"yooessentials_form_input_number\",\"props\":{\"control_id_inherit\":true,\"control_label\":\"Personen\",\"control_max\":\"9\",\"control_min\":\"1\",\"control_name\":\"persone\",\"control_required\":true}}]},{\"type\":\"yooessentials_form_textarea\",\"props\":{\"control_id_inherit\":true,\"control_label\":\"Nachricht\",\"control_maxlength\":600,\"control_minlength\":4,\"control_name\":\"comment\",\"control_rows\":5,\"css\":\".uk-form-label {\\n    font-size: 13px;\\n    color: #C49E70;\\n    font-family: Heebo;\\n    font-weight: 800;\\n    text-transform: none;\\n    letter-spacing: 1px;\\n}\\n\\n\\n.uk-textarea {\\n    height: 100px;\\n    vertical-align: middle;\\n    display: inline-block;\\n    border: 1px solid #D6D6D6; border-radius:2px;\\n}\",\"margin\":\"default\"},\"name\":\"Messaggio\"},{\"type\":\"yooessentials_form_checkbox\",\"props\":{\"control_id_inherit\":true,\"control_layout\":\"vertical\",\"control_name\":\"privacy\",\"control_required\":true,\"control_value\":\"accettata, obbligatoria\",\"css\":\".el-element { font-size:14px;}\\n\\n\\n.uk-checkbox, .uk-radio {\\n    border: 2px solid #D6D6D6;\\n}\",\"margin\":\"default\",\"margin_remove_bottom\":true},\"children\":[{\"type\":\"yooessentials_form_option\",\"props\":{\"disabled\":false,\"text\":\"\n\n<p>Ich erkl\\u00e4re, dass ich die in der Datenschutzerkl\\u00e4rung beschriebenen Informationen zur Datenverarbeitung zur Kenntnis genommen habe (obligatorisch).<\\\/p>\",\"value\":\"Ich erkl\\u00e4re, dass ich die in der Datenschutzerkl\\u00e4rung beschriebenen Informationen zur Datenverarbeitung zur Kenntnis genommen habe (obligatorisch).\"}}],\"name\":\"Checkbox Privacy\"},{\"type\":\"yooessentials_form_checkbox\",\"props\":{\"control_id_inherit\":true,\"control_layout\":\"vertical\",\"control_name\":\"trattamentodati\",\"control_required\":true,\"css\":\".el-element { font-size:14px;}\\n\\n.uk-checkbox, .uk-radio {\\n    border: 2px solid #D6D6D6;\\n}\",\"margin\":\"remove-vertical\"},\"children\":[{\"type\":\"yooessentials_form_option\",\"props\":{\"disabled\":false,\"text\":\"\n\n<p>Ich stimme der Verarbeitung meiner Daten zum Erhalt von technischen, wissenschaftlichen und werblichen Informationen zu den auf der Website vorgestellten Produkten zu (optional).<\\\/p>\",\"value\":\"Ich stimme der Verarbeitung meiner Daten zum Erhalt von technischen, wissenschaftlichen und werblichen Informationen zu den auf der Website vorgestellten Produkten zu (optional).\"}}],\"name\":\"Checkbox Trettamento\"},{\"type\":\"yooessentials_form_button\",\"props\":{\"button_size\":\"small\",\"grid_column_gap\":\"small\",\"grid_row_gap\":\"small\",\"margin\":\"small\"},\"children\":[{\"type\":\"yooessentials_form_button_item\",\"props\":{\"button_style\":\"primary\",\"content\":\"Senden\",\"icon\":\"forward\",\"icon_align\":\"left\"}},{\"type\":\"yooessentials_form_button_reset\",\"props\":{\"button_style\":\"default\",\"content\":\"L\\u00f6schen\",\"icon\":\"trash\",\"icon_align\":\"left\"}}]}]},{\"type\":\"column\",\"props\":{\"image_position\":\"center-center\",\"position_sticky_breakpoint\":\"m\",\"width_medium\":\"1-2\"},\"children\":[{\"type\":\"headline\",\"props\":{\"block_align\":\"center\",\"content\":\"Informationen\",\"margin\":\"small\",\"margin_remove_top\":false,\"text_align\":\"left\",\"text_align_fallback\":\"center\",\"title_color\":\"success\",\"title_element\":\"h3\",\"title_style\":\"h3\"}},{\"type\":\"divider\",\"props\":{\"divider_element\":\"hr\",\"margin\":\"small\",\"margin_remove_bottom\":true}},{\"type\":\"list\",\"props\":{\"column_breakpoint\":\"m\",\"image_align\":\"left\",\"image_svg_color\":\"emphasis\",\"image_vertical_align\":true,\"list_element\":\"ul\",\"list_horizontal_separator\":\", \",\"list_type\":\"vertical\",\"show_image\":true,\"show_link\":true},\"children\":[{\"type\":\"list_item\",\"props\":{\"content\":\"38050 Vignola-Falesina (TN), Loc.Vignola, 106\",\"icon\":\"location\",\"link\":\"https:\\\/\\\/maps.google.com\\\/?q=46.04711372969328, 11.264882850379044\",\"link_target\":true}},{\"type\":\"list_item\",\"props\":{\"content\":\"Tel. +39 393 993 2189\",\"icon\":\"receiver\",\"link\":\"tel:+393939932189\",\"link_target\":true}},{\"type\":\"list_item\",\"props\":{\"content\":\"Mail: info@masozont.it\",\"icon\":\"mail\",\"link\":\"mailto:info@masozont.it\",\"link_target\":true}},{\"type\":\"list_item\",\"props\":{\"content\":\"Mail: prenotazioni@masozont.it\",\"icon\":\"mail\",\"link\":\"mailto:prenotazioni@masozont.it\",\"link_target\":true}}]},{\"type\":\"divider\",\"props\":{\"divider_element\":\"hr\",\"margin\":\"small\",\"margin_remove_bottom\":true}},{\"type\":\"text\",\"props\":{\"block_align_fallback\":\"center\",\"column_breakpoint\":\"m\",\"content\":\"\n\n<p>Die Online-Reservierung gilt erst nach \\u00dcberpr\\u00fcfung der Verf\\u00fcgbarkeit und anschlie\\u00dfender Best\\u00e4tigung per E-Mail oder Fax als best\\u00e4tigt. Die Anzahlung betr\\u00e4gt 30 % des Gesamtbetrags und wird vollst\\u00e4ndig einbehalten, wenn das\\\/die Zimmer nicht mindestens eine Woche im Voraus storniert wird\\\/werden. <br \\\/>Die angegebenen Daten werden gem\\u00e4\\u00df dem Datenschutzgesetz 196\\\/2003 und gem\\u00e4\\u00df der EU-Verordnung 679\\\/2016 (DSGVO) zum Schutz personenbezogener Daten verarbeitet. Ihre Verwendung dient ausschlie\\u00dflich der Durchf\\u00fchrung der Buchung und der \\u00dcbermittlung an die zust\\u00e4ndigen Stellen.<\\\/p>\",\"css\":\".el-element {font-size:14px;}\",\"margin\":\"default\",\"text_align\":\"left\",\"text_align_fallback\":\"center\"}}]}]}],\"formid\":\"836df614\"},{\"type\":\"section\",\"props\":{\"image_position\":\"center-center\",\"padding\":\"none\",\"style\":\"default\",\"title_breakpoint\":\"xl\",\"title_position\":\"top-left\",\"title_rotation\":\"left\",\"vertical_align\":\"middle\",\"width\":\"\"},\"children\":[{\"type\":\"row\",\"children\":[{\"type\":\"column\",\"props\":{\"image_position\":\"center-center\",\"position_sticky_breakpoint\":\"m\"},\"children\":[{\"type\":\"map\",\"props\":{\"content_margin\":\"remove\",\"content_style\":\"text-small\",\"controls\":true,\"dragging\":true,\"height\":540,\"image_svg_color\":\"emphasis\",\"link_style\":\"default\",\"link_text\":\"Read more\",\"margin\":\"remove-vertical\",\"margin_remove_bottom\":true,\"margin_remove_top\":true,\"max_zoom\":18,\"meta_align\":\"below-title\",\"meta_element\":\"div\",\"meta_style\":\"text-meta\",\"min_zoom\":0,\"poi\":false,\"show_content\":true,\"show_image\":true,\"show_link\":true,\"show_meta\":true,\"show_title\":true,\"title_element\":\"h4\",\"title_hover_style\":\"reset\",\"title_style\":\"h4\",\"type\":\"roadmap\",\"visibility\":\"l\",\"zoom\":\"15\",\"zooming\":false},\"children\":[{\"type\":\"map_item\",\"props\":{\"content\":\"Loc.Vignola, 106<br\\\/>\\n38050 Vignola-Falesina (TN)\",\"location\":\"46.0469,11.2652\",\"title\":\"Maso Zont\"}}],\"name\":\"Map - PC\"},{\"type\":\"map\",\"props\":{\"content_margin\":\"remove\",\"content_style\":\"text-small\",\"controls\":true,\"dragging\":false,\"height\":400,\"image_svg_color\":\"emphasis\",\"link_style\":\"default\",\"link_text\":\"Read more\",\"margin\":\"remove-vertical\",\"max_zoom\":18,\"meta_align\":\"below-title\",\"meta_element\":\"div\",\"meta_style\":\"text-meta\",\"min_zoom\":0,\"poi\":false,\"show_content\":true,\"show_image\":true,\"show_link\":true,\"show_meta\":true,\"show_title\":true,\"title_element\":\"h3\",\"title_hover_style\":\"reset\",\"title_style\":\"h5\",\"type\":\"roadmap\",\"visibility\":\"hidden-l\",\"zoom\":\"15\",\"zooming\":true},\"children\":[{\"type\":\"map_item\",\"props\":{\"content\":\"Loc.Vignola, 106<br\\\/>\\n38050 Vignola-Falesina (TN)\",\"location\":\"46.0469,11.2652\",\"title\":\"Maso Zont\"}}],\"name\":\"Map - TABLET + CELL\"}]}]}],\"name\":\"MAPPA\"}],\"version\":\"4.4.12\",\"yooessentialsVersion\":\"2.2.6\"} --><\/p>\n","protected":false},"excerpt":{"rendered":"<p>Maso Zont Kontakte und Informationen Das Bed &#038; Breakfast Maso Zont liegt auf 700 m H\u00f6he im \u00f6stlichen Trentino, 3 km vom Zentrum von Pergine Valsugana und 15 km von der Stadt Trient entfernt, in der kleinen und h\u00fcbschen Berggemeinde Vignola-Falesina mit Blick auf die Alta Valsugana. Reservierungsanfrage Informationen 38050 Vignola-Falesina (TN), Loc.Vignola, 106 Tel. [&hellip;]<\/p>\n","protected":false},"author":2,"featured_media":0,"parent":0,"menu_order":3,"comment_status":"open","ping_status":"closed","template":"","meta":{"_acf_changed":false,"footnotes":""},"class_list":["post-1815","page","type-page","status-publish","hentry"],"acf":[],"yoast_head":"<!-- This site is optimized with the Yoast SEO plugin v26.2 - https:\/\/yoast.com\/wordpress\/plugins\/seo\/ -->\n<title>Kontakte &#8211; Maso Zont<\/title>\n<meta name=\"description\" content=\"Das Bed &amp; Breakfast Maso Zont liegt auf 700 m H\u00f6he im \u00f6stlichen Trentino, 3 km vom Zentrum von Pergine Valsugana und 15 km von der Stadt Trient entfernt, in der kleinen und h\u00fcbschen Berggemeinde Vignola-Falesina mit Blick auf die Alta Valsugana.\" \/>\n<meta name=\"robots\" content=\"index, follow, max-snippet:-1, max-image-preview:large, max-video-preview:-1\" \/>\n<link rel=\"canonical\" href=\"https:\/\/masozont.it\/de\/kontakte\/\" \/>\n<meta property=\"og:locale\" content=\"de_DE\" \/>\n<meta property=\"og:type\" content=\"article\" \/>\n<meta property=\"og:title\" content=\"Kontakte &#8211; Maso Zont\" \/>\n<meta property=\"og:description\" content=\"Das Bed &amp; Breakfast Maso Zont liegt auf 700 m H\u00f6he im \u00f6stlichen Trentino, 3 km vom Zentrum von Pergine Valsugana und 15 km von der Stadt Trient entfernt, in der kleinen und h\u00fcbschen Berggemeinde Vignola-Falesina mit Blick auf die Alta Valsugana.\" \/>\n<meta property=\"og:url\" content=\"https:\/\/masozont.it\/de\/kontakte\/\" \/>\n<meta property=\"og:site_name\" content=\"Maso Zont\" \/>\n<meta property=\"article:modified_time\" content=\"2025-12-10T08:47:46+00:00\" \/>\n<meta property=\"og:image\" content=\"https:\/\/masozont.it\/wp-content\/uploads\/2025\/08\/maso_zont_yoast.jpg\" \/>\n\t<meta property=\"og:image:width\" content=\"1200\" \/>\n\t<meta property=\"og:image:height\" content=\"675\" \/>\n\t<meta property=\"og:image:type\" content=\"image\/jpeg\" \/>\n<meta name=\"twitter:card\" content=\"summary_large_image\" \/>\n<meta name=\"twitter:label1\" content=\"Gesch\u00e4tzte Lesezeit\" \/>\n\t<meta name=\"twitter:data1\" content=\"1\u00a0Minute\" \/>\n<script type=\"application\/ld+json\" class=\"yoast-schema-graph\">{\"@context\":\"https:\/\/schema.org\",\"@graph\":[{\"@type\":\"WebPage\",\"@id\":\"https:\/\/masozont.it\/de\/kontakte\/\",\"url\":\"https:\/\/masozont.it\/de\/kontakte\/\",\"name\":\"Kontakte &#8211; Maso Zont\",\"isPartOf\":{\"@id\":\"https:\/\/masozont.it\/de\/#website\"},\"datePublished\":\"2025-08-07T12:55:59+00:00\",\"dateModified\":\"2025-12-10T08:47:46+00:00\",\"description\":\"Das Bed & Breakfast Maso Zont liegt auf 700 m H\u00f6he im \u00f6stlichen Trentino, 3 km vom Zentrum von Pergine Valsugana und 15 km von der Stadt Trient entfernt, in der kleinen und h\u00fcbschen Berggemeinde Vignola-Falesina mit Blick auf die Alta Valsugana.\",\"breadcrumb\":{\"@id\":\"https:\/\/masozont.it\/de\/kontakte\/#breadcrumb\"},\"inLanguage\":\"de\",\"potentialAction\":[{\"@type\":\"ReadAction\",\"target\":[\"https:\/\/masozont.it\/de\/kontakte\/\"]}]},{\"@type\":\"BreadcrumbList\",\"@id\":\"https:\/\/masozont.it\/de\/kontakte\/#breadcrumb\",\"itemListElement\":[{\"@type\":\"ListItem\",\"position\":1,\"name\":\"Home\",\"item\":\"https:\/\/masozont.it\/de\/un-angolo-di-pace-tra-monti-e-natura\/\"},{\"@type\":\"ListItem\",\"position\":2,\"name\":\"Kontakte\"}]},{\"@type\":\"WebSite\",\"@id\":\"https:\/\/masozont.it\/de\/#website\",\"url\":\"https:\/\/masozont.it\/de\/\",\"name\":\"Maso Zont\",\"description\":\"Un angolo di pace tra monti e natura\",\"publisher\":{\"@id\":\"https:\/\/masozont.it\/de\/#organization\"},\"alternateName\":\"Maso Zont\",\"potentialAction\":[{\"@type\":\"SearchAction\",\"target\":{\"@type\":\"EntryPoint\",\"urlTemplate\":\"https:\/\/masozont.it\/de\/?s={search_term_string}\"},\"query-input\":{\"@type\":\"PropertyValueSpecification\",\"valueRequired\":true,\"valueName\":\"search_term_string\"}}],\"inLanguage\":\"de\"},{\"@type\":\"Organization\",\"@id\":\"https:\/\/masozont.it\/de\/#organization\",\"name\":\"Maso Zont\",\"alternateName\":\"Maso Zont\",\"url\":\"https:\/\/masozont.it\/de\/\",\"logo\":{\"@type\":\"ImageObject\",\"inLanguage\":\"de\",\"@id\":\"https:\/\/masozont.it\/de\/#\/schema\/logo\/image\/\",\"url\":\"https:\/\/masozont.it\/wp-content\/uploads\/2025\/10\/logo-masozont.jpg\",\"contentUrl\":\"https:\/\/masozont.it\/wp-content\/uploads\/2025\/10\/logo-masozont.jpg\",\"width\":507,\"height\":167,\"caption\":\"Maso Zont\"},\"image\":{\"@id\":\"https:\/\/masozont.it\/de\/#\/schema\/logo\/image\/\"}}]}<\/script>\n<!-- \/ Yoast SEO plugin. -->","yoast_head_json":{"title":"Kontakte &#8211; Maso Zont","description":"Das Bed & Breakfast Maso Zont liegt auf 700 m H\u00f6he im \u00f6stlichen Trentino, 3 km vom Zentrum von Pergine Valsugana und 15 km von der Stadt Trient entfernt, in der kleinen und h\u00fcbschen Berggemeinde Vignola-Falesina mit Blick auf die Alta Valsugana.","robots":{"index":"index","follow":"follow","max-snippet":"max-snippet:-1","max-image-preview":"max-image-preview:large","max-video-preview":"max-video-preview:-1"},"canonical":"https:\/\/masozont.it\/de\/kontakte\/","og_locale":"de_DE","og_type":"article","og_title":"Kontakte &#8211; Maso Zont","og_description":"Das Bed & Breakfast Maso Zont liegt auf 700 m H\u00f6he im \u00f6stlichen Trentino, 3 km vom Zentrum von Pergine Valsugana und 15 km von der Stadt Trient entfernt, in der kleinen und h\u00fcbschen Berggemeinde Vignola-Falesina mit Blick auf die Alta Valsugana.","og_url":"https:\/\/masozont.it\/de\/kontakte\/","og_site_name":"Maso Zont","article_modified_time":"2025-12-10T08:47:46+00:00","og_image":[{"width":1200,"height":675,"url":"https:\/\/masozont.it\/wp-content\/uploads\/2025\/08\/maso_zont_yoast.jpg","type":"image\/jpeg"}],"twitter_card":"summary_large_image","twitter_misc":{"Gesch\u00e4tzte Lesezeit":"1\u00a0Minute"},"schema":{"@context":"https:\/\/schema.org","@graph":[{"@type":"WebPage","@id":"https:\/\/masozont.it\/de\/kontakte\/","url":"https:\/\/masozont.it\/de\/kontakte\/","name":"Kontakte &#8211; Maso Zont","isPartOf":{"@id":"https:\/\/masozont.it\/de\/#website"},"datePublished":"2025-08-07T12:55:59+00:00","dateModified":"2025-12-10T08:47:46+00:00","description":"Das Bed & Breakfast Maso Zont liegt auf 700 m H\u00f6he im \u00f6stlichen Trentino, 3 km vom Zentrum von Pergine Valsugana und 15 km von der Stadt Trient entfernt, in der kleinen und h\u00fcbschen Berggemeinde Vignola-Falesina mit Blick auf die Alta Valsugana.","breadcrumb":{"@id":"https:\/\/masozont.it\/de\/kontakte\/#breadcrumb"},"inLanguage":"de","potentialAction":[{"@type":"ReadAction","target":["https:\/\/masozont.it\/de\/kontakte\/"]}]},{"@type":"BreadcrumbList","@id":"https:\/\/masozont.it\/de\/kontakte\/#breadcrumb","itemListElement":[{"@type":"ListItem","position":1,"name":"Home","item":"https:\/\/masozont.it\/de\/un-angolo-di-pace-tra-monti-e-natura\/"},{"@type":"ListItem","position":2,"name":"Kontakte"}]},{"@type":"WebSite","@id":"https:\/\/masozont.it\/de\/#website","url":"https:\/\/masozont.it\/de\/","name":"Maso Zont","description":"Un angolo di pace tra monti e natura","publisher":{"@id":"https:\/\/masozont.it\/de\/#organization"},"alternateName":"Maso Zont","potentialAction":[{"@type":"SearchAction","target":{"@type":"EntryPoint","urlTemplate":"https:\/\/masozont.it\/de\/?s={search_term_string}"},"query-input":{"@type":"PropertyValueSpecification","valueRequired":true,"valueName":"search_term_string"}}],"inLanguage":"de"},{"@type":"Organization","@id":"https:\/\/masozont.it\/de\/#organization","name":"Maso Zont","alternateName":"Maso Zont","url":"https:\/\/masozont.it\/de\/","logo":{"@type":"ImageObject","inLanguage":"de","@id":"https:\/\/masozont.it\/de\/#\/schema\/logo\/image\/","url":"https:\/\/masozont.it\/wp-content\/uploads\/2025\/10\/logo-masozont.jpg","contentUrl":"https:\/\/masozont.it\/wp-content\/uploads\/2025\/10\/logo-masozont.jpg","width":507,"height":167,"caption":"Maso Zont"},"image":{"@id":"https:\/\/masozont.it\/de\/#\/schema\/logo\/image\/"}}]}},"_links":{"self":[{"href":"https:\/\/masozont.it\/de\/wp-json\/wp\/v2\/pages\/1815","targetHints":{"allow":["GET"]}}],"collection":[{"href":"https:\/\/masozont.it\/de\/wp-json\/wp\/v2\/pages"}],"about":[{"href":"https:\/\/masozont.it\/de\/wp-json\/wp\/v2\/types\/page"}],"author":[{"embeddable":true,"href":"https:\/\/masozont.it\/de\/wp-json\/wp\/v2\/users\/2"}],"replies":[{"embeddable":true,"href":"https:\/\/masozont.it\/de\/wp-json\/wp\/v2\/comments?post=1815"}],"version-history":[{"count":4,"href":"https:\/\/masozont.it\/de\/wp-json\/wp\/v2\/pages\/1815\/revisions"}],"predecessor-version":[{"id":2147,"href":"https:\/\/masozont.it\/de\/wp-json\/wp\/v2\/pages\/1815\/revisions\/2147"}],"wp:attachment":[{"href":"https:\/\/masozont.it\/de\/wp-json\/wp\/v2\/media?parent=1815"}],"curies":[{"name":"wp","href":"https:\/\/api.w.org\/{rel}","templated":true}]}}